{"id":16,"date":"2022-02-20T09:35:26","date_gmt":"2022-02-20T09:35:26","guid":{"rendered":"https:\/\/tandhalsasollentuna.se\/wordpress\/?page_id=16"},"modified":"2025-08-27T18:27:39","modified_gmt":"2025-08-27T18:27:39","slug":"kontakta-oss","status":"publish","type":"page","link":"https:\/\/tandhalsasollentuna.se\/sv\/kontakta-oss\/","title":{"rendered":"Kontakta Oss"},"content":{"rendered":"<form  class=\"kaliforms-form-container bootstrap-wrapper rounded-borders input-with-bg \" data-form-id=\"5\" method=\"POST\" style=\"opacity:0\"><h3>Skicka Meddelande<\/h3><div id=\"kaliforms-global-error-message-5\" class=\"global-error-message\"><\/div><div class=\"row kali-form-field-row\"><div class=\"col-12 col-md-6 \"><label  for=\"first-name\">F\u00f6rnamn <span class=\"kali-required-mark\">*<\/span><\/label><input  data-internal-id=\"textbox2\" type=\"text\" id=\"first-name\" name=\"first-name\" data-properties.type=\"text\" required ><\/div><div class=\"col-12 col-md-6 \"><label  for=\"last-name\">Efternamn <span class=\"kali-required-mark\">*<\/span><\/label><input  data-internal-id=\"textbox3\" type=\"text\" id=\"last-name\" name=\"last-name\" data-properties.type=\"text\" required ><\/div><\/div><div class=\"row kali-form-field-row\"><div class=\"col-12 col-md-12 \"><label  for=\"textbox9\">Personnummer<\/label><input  data-internal-id=\"textbox9\" type=\"text\" id=\"textbox9\" name=\"pnummer\" data-properties.type=\"text\" ><\/div><\/div><div class=\"row kali-form-field-row\"><div class=\"col-12 col-md-12 \"><label  for=\"email\">Epost <span class=\"kali-required-mark\">*<\/span><\/label><input  data-internal-id=\"textbox4\" type=\"text\" id=\"email\" name=\"email\" data-properties.type=\"text\" required ><\/div><\/div><div class=\"row kali-form-field-row\"><div class=\"col-12 col-md-12 \"><label  for=\"telephone8\">Mobilnummer <span class=\"kali-required-mark\">*<\/span><\/label><input  data-internal-id=\"telephone8\" type=\"tel\" id=\"telephone8\" name=\"telephone\"required  data-format=\"free\"  class=\"input\"><\/div><\/div><div class=\"row kali-form-field-row\"><div class=\"col-12 col-md-12 \"><label  for=\"msg\">Meddelande <span class=\"kali-required-mark\">*<\/span><\/label><textarea  data-internal-id=\"textarea7\" type=\"textarea\" id=\"msg\" name=\"msg\" rows=\"5\"required  class=\"input\"editor ><\/textarea><\/div><\/div><div class=\"row kali-form-field-row\"><div class=\"col-12 col-md-12 \"><input  data-internal-id=\"submitbutton6\" type=\"submit\" id=\"submit\" data-style=\"default\"  class=\"input\" value=\"Skicka\" ><\/div><\/div><input type=\"hidden\" name=\"ip_address\" readonly value=\"216.73.217.77\" \/><!-- This form was built using Kali Forms --><\/form>\n<p>Vi str\u00e4var efter att besvara din f\u00f6rfr\u00e5gan inom 24 timmar. Du kan antingen skicka meddelande via webbformul\u00e4ret, eller till <a href=\"mailto:receptionen@tandhalsasollentuna.se\">receptionen@tandhalsasollentuna.se<\/a>. Det g\u00e5r \u00e4ven att ringa oss 08 &#8211; 96 89 11.<\/p>\n","protected":false},"excerpt":{"rendered":"<p>Vi str\u00e4var efter att besvara din f\u00f6rfr\u00e5gan inom 24 timmar. Du kan antingen skicka meddelande via webbformul\u00e4ret, eller till receptionen@tandhalsasollentuna.se. &hellip; <a href=\"https:\/\/tandhalsasollentuna.se\/sv\/kontakta-oss\/\" class=\"more-link\">Forts\u00e4tt l\u00e4sa <span class=\"screen-reader-text\">Kontakta Oss<\/span><\/a><\/p>\n","protected":false},"author":1,"featured_media":0,"parent":0,"menu_order":0,"comment_status":"closed","ping_status":"closed","template":"","meta":{"footnotes":""},"class_list":["post-16","page","type-page","status-publish","hentry"],"yoast_head":"<!-- This site is optimized with the Yoast SEO plugin v25.8 - https:\/\/yoast.com\/wordpress\/plugins\/seo\/ -->\n<title>Kontakta Oss - Tandh\u00e4lsa Sollentuna AB<\/title>\n<meta name=\"description\" content=\"Tandl\u00e4kare motagning i Sollentuna och Kista. R\u00e4tt tandv\u00e5rd behandling till r\u00e4tt pris. Specialist tandl\u00e4kare f\u00f6r rotfyllning.\" \/>\n<meta name=\"robots\" content=\"index, follow, max-snippet:-1, max-image-preview:large, max-video-preview:-1\" \/>\n<link rel=\"canonical\" href=\"https:\/\/tandhalsasollentuna.se\/sv\/kontakta-oss\/\" \/>\n<meta property=\"og:locale\" content=\"sv_SE\" \/>\n<meta property=\"og:type\" content=\"article\" \/>\n<meta property=\"og:title\" content=\"Kontakta Oss - Tandh\u00e4lsa Sollentuna AB\" \/>\n<meta property=\"og:description\" content=\"Tandl\u00e4kare motagning i Sollentuna och Kista. R\u00e4tt tandv\u00e5rd behandling till r\u00e4tt pris. Specialist tandl\u00e4kare f\u00f6r rotfyllning.\" \/>\n<meta property=\"og:url\" content=\"https:\/\/tandhalsasollentuna.se\/sv\/kontakta-oss\/\" \/>\n<meta property=\"og:site_name\" content=\"Tandh\u00e4lsa Sollentuna AB\" \/>\n<meta property=\"article:modified_time\" content=\"2025-08-27T18:27:39+00:00\" \/>\n<meta name=\"twitter:card\" content=\"summary_large_image\" \/>\n<meta name=\"twitter:label1\" content=\"Ber\u00e4knad l\u00e4stid\" \/>\n\t<meta name=\"twitter:data1\" content=\"1 minut\" \/>\n<script type=\"application\/ld+json\" class=\"yoast-schema-graph\">{\"@context\":\"https:\/\/schema.org\",\"@graph\":[{\"@type\":\"WebPage\",\"@id\":\"https:\/\/tandhalsasollentuna.se\/sv\/kontakta-oss\/\",\"url\":\"https:\/\/tandhalsasollentuna.se\/sv\/kontakta-oss\/\",\"name\":\"Kontakta Oss - Tandh\u00e4lsa Sollentuna AB\",\"isPartOf\":{\"@id\":\"https:\/\/tandhalsasollentuna.se\/sv\/#website\"},\"datePublished\":\"2022-02-20T09:35:26+00:00\",\"dateModified\":\"2025-08-27T18:27:39+00:00\",\"description\":\"Tandl\u00e4kare motagning i Sollentuna och Kista. R\u00e4tt tandv\u00e5rd behandling till r\u00e4tt pris. Specialist tandl\u00e4kare f\u00f6r rotfyllning.\",\"breadcrumb\":{\"@id\":\"https:\/\/tandhalsasollentuna.se\/sv\/kontakta-oss\/#breadcrumb\"},\"inLanguage\":\"sv-SE\",\"potentialAction\":[{\"@type\":\"ReadAction\",\"target\":[\"https:\/\/tandhalsasollentuna.se\/sv\/kontakta-oss\/\"]}]},{\"@type\":\"BreadcrumbList\",\"@id\":\"https:\/\/tandhalsasollentuna.se\/sv\/kontakta-oss\/#breadcrumb\",\"itemListElement\":[{\"@type\":\"ListItem\",\"position\":1,\"name\":\"Hem\",\"item\":\"https:\/\/tandhalsasollentuna.se\/sv\/\"},{\"@type\":\"ListItem\",\"position\":2,\"name\":\"Kontakta Oss\"}]},{\"@type\":\"WebSite\",\"@id\":\"https:\/\/tandhalsasollentuna.se\/sv\/#website\",\"url\":\"https:\/\/tandhalsasollentuna.se\/sv\/\",\"name\":\"Tandh\u00e4lsa Sollentuna AB\",\"description\":\"Tandv\u00e5rd till r\u00e4tt pris\",\"publisher\":{\"@id\":\"https:\/\/tandhalsasollentuna.se\/sv\/#organization\"},\"potentialAction\":[{\"@type\":\"SearchAction\",\"target\":{\"@type\":\"EntryPoint\",\"urlTemplate\":\"https:\/\/tandhalsasollentuna.se\/sv\/?s={search_term_string}\"},\"query-input\":{\"@type\":\"PropertyValueSpecification\",\"valueRequired\":true,\"valueName\":\"search_term_string\"}}],\"inLanguage\":\"sv-SE\"},{\"@type\":\"Organization\",\"@id\":\"https:\/\/tandhalsasollentuna.se\/sv\/#organization\",\"name\":\"Tandh\u00e4lsa Sollentuna AB\",\"url\":\"https:\/\/tandhalsasollentuna.se\/sv\/\",\"logo\":{\"@type\":\"ImageObject\",\"inLanguage\":\"sv-SE\",\"@id\":\"https:\/\/tandhalsasollentuna.se\/sv\/#\/schema\/logo\/image\/\",\"url\":\"https:\/\/tandhalsasollentuna.se\/sv\/wp-content\/uploads\/2022\/03\/LogoTooth30.png\",\"contentUrl\":\"https:\/\/tandhalsasollentuna.se\/sv\/wp-content\/uploads\/2022\/03\/LogoTooth30.png\",\"width\":211,\"height\":94,\"caption\":\"Tandh\u00e4lsa Sollentuna AB\"},\"image\":{\"@id\":\"https:\/\/tandhalsasollentuna.se\/sv\/#\/schema\/logo\/image\/\"}}]}<\/script>\n<!-- \/ Yoast SEO plugin. -->","yoast_head_json":{"title":"Kontakta Oss - Tandh\u00e4lsa Sollentuna AB","description":"Tandl\u00e4kare motagning i Sollentuna och Kista. R\u00e4tt tandv\u00e5rd behandling till r\u00e4tt pris. Specialist tandl\u00e4kare f\u00f6r rotfyllning.","robots":{"index":"index","follow":"follow","max-snippet":"max-snippet:-1","max-image-preview":"max-image-preview:large","max-video-preview":"max-video-preview:-1"},"canonical":"https:\/\/tandhalsasollentuna.se\/sv\/kontakta-oss\/","og_locale":"sv_SE","og_type":"article","og_title":"Kontakta Oss - Tandh\u00e4lsa Sollentuna AB","og_description":"Tandl\u00e4kare motagning i Sollentuna och Kista. R\u00e4tt tandv\u00e5rd behandling till r\u00e4tt pris. Specialist tandl\u00e4kare f\u00f6r rotfyllning.","og_url":"https:\/\/tandhalsasollentuna.se\/sv\/kontakta-oss\/","og_site_name":"Tandh\u00e4lsa Sollentuna AB","article_modified_time":"2025-08-27T18:27:39+00:00","twitter_card":"summary_large_image","twitter_misc":{"Ber\u00e4knad l\u00e4stid":"1 minut"},"schema":{"@context":"https:\/\/schema.org","@graph":[{"@type":"WebPage","@id":"https:\/\/tandhalsasollentuna.se\/sv\/kontakta-oss\/","url":"https:\/\/tandhalsasollentuna.se\/sv\/kontakta-oss\/","name":"Kontakta Oss - Tandh\u00e4lsa Sollentuna AB","isPartOf":{"@id":"https:\/\/tandhalsasollentuna.se\/sv\/#website"},"datePublished":"2022-02-20T09:35:26+00:00","dateModified":"2025-08-27T18:27:39+00:00","description":"Tandl\u00e4kare motagning i Sollentuna och Kista. R\u00e4tt tandv\u00e5rd behandling till r\u00e4tt pris. Specialist tandl\u00e4kare f\u00f6r rotfyllning.","breadcrumb":{"@id":"https:\/\/tandhalsasollentuna.se\/sv\/kontakta-oss\/#breadcrumb"},"inLanguage":"sv-SE","potentialAction":[{"@type":"ReadAction","target":["https:\/\/tandhalsasollentuna.se\/sv\/kontakta-oss\/"]}]},{"@type":"BreadcrumbList","@id":"https:\/\/tandhalsasollentuna.se\/sv\/kontakta-oss\/#breadcrumb","itemListElement":[{"@type":"ListItem","position":1,"name":"Hem","item":"https:\/\/tandhalsasollentuna.se\/sv\/"},{"@type":"ListItem","position":2,"name":"Kontakta Oss"}]},{"@type":"WebSite","@id":"https:\/\/tandhalsasollentuna.se\/sv\/#website","url":"https:\/\/tandhalsasollentuna.se\/sv\/","name":"Tandh\u00e4lsa Sollentuna AB","description":"Tandv\u00e5rd till r\u00e4tt pris","publisher":{"@id":"https:\/\/tandhalsasollentuna.se\/sv\/#organization"},"potentialAction":[{"@type":"SearchAction","target":{"@type":"EntryPoint","urlTemplate":"https:\/\/tandhalsasollentuna.se\/sv\/?s={search_term_string}"},"query-input":{"@type":"PropertyValueSpecification","valueRequired":true,"valueName":"search_term_string"}}],"inLanguage":"sv-SE"},{"@type":"Organization","@id":"https:\/\/tandhalsasollentuna.se\/sv\/#organization","name":"Tandh\u00e4lsa Sollentuna AB","url":"https:\/\/tandhalsasollentuna.se\/sv\/","logo":{"@type":"ImageObject","inLanguage":"sv-SE","@id":"https:\/\/tandhalsasollentuna.se\/sv\/#\/schema\/logo\/image\/","url":"https:\/\/tandhalsasollentuna.se\/sv\/wp-content\/uploads\/2022\/03\/LogoTooth30.png","contentUrl":"https:\/\/tandhalsasollentuna.se\/sv\/wp-content\/uploads\/2022\/03\/LogoTooth30.png","width":211,"height":94,"caption":"Tandh\u00e4lsa Sollentuna AB"},"image":{"@id":"https:\/\/tandhalsasollentuna.se\/sv\/#\/schema\/logo\/image\/"}}]}},"jetpack_sharing_enabled":true,"_links":{"self":[{"href":"https:\/\/tandhalsasollentuna.se\/sv\/wp-json\/wp\/v2\/pages\/16","targetHints":{"allow":["GET"]}}],"collection":[{"href":"https:\/\/tandhalsasollentuna.se\/sv\/wp-json\/wp\/v2\/pages"}],"about":[{"href":"https:\/\/tandhalsasollentuna.se\/sv\/wp-json\/wp\/v2\/types\/page"}],"author":[{"embeddable":true,"href":"https:\/\/tandhalsasollentuna.se\/sv\/wp-json\/wp\/v2\/users\/1"}],"replies":[{"embeddable":true,"href":"https:\/\/tandhalsasollentuna.se\/sv\/wp-json\/wp\/v2\/comments?post=16"}],"version-history":[{"count":8,"href":"https:\/\/tandhalsasollentuna.se\/sv\/wp-json\/wp\/v2\/pages\/16\/revisions"}],"predecessor-version":[{"id":220,"href":"https:\/\/tandhalsasollentuna.se\/sv\/wp-json\/wp\/v2\/pages\/16\/revisions\/220"}],"wp:attachment":[{"href":"https:\/\/tandhalsasollentuna.se\/sv\/wp-json\/wp\/v2\/media?parent=16"}],"curies":[{"name":"wp","href":"https:\/\/api.w.org\/{rel}","templated":true}]}}