{"id":62,"date":"2022-02-20T21:11:07","date_gmt":"2022-02-20T21:11:07","guid":{"rendered":"https:\/\/tandhalsasollentuna.se\/wordpress\/?page_id=62"},"modified":"2022-04-04T16:18:10","modified_gmt":"2022-04-04T16:18:10","slug":"vara-behandlingar","status":"publish","type":"page","link":"https:\/\/tandhalsasollentuna.se\/sv\/vara-behandlingar\/","title":{"rendered":"V\u00e5ra Behandlingar"},"content":{"rendered":"<p>Vi p\u00e5 Tandh\u00e4lsa Sollentuna \u00e4r specialister p\u00e5 Rotbehandling och utf\u00f6r f\u00f6ljande behandlingar<\/p>\n<ul>\n<li>Akut tandv\u00e5rd<\/li>\n<li>Unders\u00f6kning utifr\u00e5n din munh\u00e4lsas behov<\/li>\n<li>Barntandv\u00e5rd<\/li>\n<li>Estetisk tandv\u00e5rd<\/li>\n<li>Anpassade bettskenor \u00e4ven snarkskenor<\/li>\n<li>Tandproteser<\/li>\n<li>F\u00f6rebyggande tandv\u00e5rd<\/li>\n<li>Tandkronor<\/li>\n<li>Lagningar och rotfyllningar<\/li>\n<li>R\u00f6ntgen<\/li>\n<li>Tandutdragning<\/li>\n<li>Specialisttandv\u00e5rd kan ing\u00e5 om din tandl\u00e4kare bed\u00f6mer att du beh\u00f6ver det<\/li>\n<\/ul>\n<p>Vi erbjuder \u00e4ven Botox behandlingar till f\u00e5rm\u00e5ntliga priser<\/p>\n","protected":false},"excerpt":{"rendered":"<p>Vi p\u00e5 Tandh\u00e4lsa Sollentuna \u00e4r specialister p\u00e5 Rotbehandling och utf\u00f6r f\u00f6ljande behandlingar Akut tandv\u00e5rd Unders\u00f6kning utifr\u00e5n din munh\u00e4lsas behov Barntandv\u00e5rd &hellip; <a href=\"https:\/\/tandhalsasollentuna.se\/sv\/vara-behandlingar\/\" class=\"more-link\">Forts\u00e4tt l\u00e4sa <span class=\"screen-reader-text\">V\u00e5ra Behandlingar<\/span><\/a><\/p>\n","protected":false},"author":1,"featured_media":0,"parent":0,"menu_order":0,"comment_status":"closed","ping_status":"closed","template":"","meta":{"footnotes":""},"class_list":["post-62","page","type-page","status-publish","hentry"],"yoast_head":"<!-- This site is optimized with the Yoast SEO plugin v25.8 - https:\/\/yoast.com\/wordpress\/plugins\/seo\/ -->\n<title>V\u00e5ra Behandlingar - Tandh\u00e4lsa Sollentuna AB<\/title>\n<meta name=\"description\" content=\"R\u00e4tt tandv\u00e5rd behandling till r\u00e4tt pris. Specialist tandl\u00e4kare f\u00f6r rotfyllning i Kista och Sollentuna omr\u00e5den. Tandl\u00e4karejour erbjuds till alla pasienter.\" \/>\n<meta name=\"robots\" content=\"index, follow, max-snippet:-1, max-image-preview:large, max-video-preview:-1\" \/>\n<link rel=\"canonical\" href=\"https:\/\/tandhalsasollentuna.se\/sv\/vara-behandlingar\/\" \/>\n<meta property=\"og:locale\" content=\"sv_SE\" \/>\n<meta property=\"og:type\" content=\"article\" \/>\n<meta property=\"og:title\" content=\"V\u00e5ra Behandlingar - Tandh\u00e4lsa Sollentuna AB\" \/>\n<meta property=\"og:description\" content=\"R\u00e4tt tandv\u00e5rd behandling till r\u00e4tt pris. Specialist tandl\u00e4kare f\u00f6r rotfyllning i Kista och Sollentuna omr\u00e5den. Tandl\u00e4karejour erbjuds till alla pasienter.\" \/>\n<meta property=\"og:url\" content=\"https:\/\/tandhalsasollentuna.se\/sv\/vara-behandlingar\/\" \/>\n<meta property=\"og:site_name\" content=\"Tandh\u00e4lsa Sollentuna AB\" \/>\n<meta property=\"article:modified_time\" content=\"2022-04-04T16:18:10+00:00\" \/>\n<meta name=\"twitter:card\" content=\"summary_large_image\" \/>\n<meta name=\"twitter:label1\" content=\"Ber\u00e4knad l\u00e4stid\" \/>\n\t<meta name=\"twitter:data1\" content=\"1 minut\" \/>\n<script type=\"application\/ld+json\" class=\"yoast-schema-graph\">{\"@context\":\"https:\/\/schema.org\",\"@graph\":[{\"@type\":\"WebPage\",\"@id\":\"https:\/\/tandhalsasollentuna.se\/sv\/vara-behandlingar\/\",\"url\":\"https:\/\/tandhalsasollentuna.se\/sv\/vara-behandlingar\/\",\"name\":\"V\u00e5ra Behandlingar - Tandh\u00e4lsa Sollentuna AB\",\"isPartOf\":{\"@id\":\"https:\/\/tandhalsasollentuna.se\/sv\/#website\"},\"datePublished\":\"2022-02-20T21:11:07+00:00\",\"dateModified\":\"2022-04-04T16:18:10+00:00\",\"description\":\"R\u00e4tt tandv\u00e5rd behandling till r\u00e4tt pris. Specialist tandl\u00e4kare f\u00f6r rotfyllning i Kista och Sollentuna omr\u00e5den. Tandl\u00e4karejour erbjuds till alla pasienter.\",\"breadcrumb\":{\"@id\":\"https:\/\/tandhalsasollentuna.se\/sv\/vara-behandlingar\/#breadcrumb\"},\"inLanguage\":\"sv-SE\",\"potentialAction\":[{\"@type\":\"ReadAction\",\"target\":[\"https:\/\/tandhalsasollentuna.se\/sv\/vara-behandlingar\/\"]}]},{\"@type\":\"BreadcrumbList\",\"@id\":\"https:\/\/tandhalsasollentuna.se\/sv\/vara-behandlingar\/#breadcrumb\",\"itemListElement\":[{\"@type\":\"ListItem\",\"position\":1,\"name\":\"Hem\",\"item\":\"https:\/\/tandhalsasollentuna.se\/sv\/\"},{\"@type\":\"ListItem\",\"position\":2,\"name\":\"V\u00e5ra Behandlingar\"}]},{\"@type\":\"WebSite\",\"@id\":\"https:\/\/tandhalsasollentuna.se\/sv\/#website\",\"url\":\"https:\/\/tandhalsasollentuna.se\/sv\/\",\"name\":\"Tandh\u00e4lsa Sollentuna AB\",\"description\":\"Tandv\u00e5rd till r\u00e4tt pris\",\"publisher\":{\"@id\":\"https:\/\/tandhalsasollentuna.se\/sv\/#organization\"},\"potentialAction\":[{\"@type\":\"SearchAction\",\"target\":{\"@type\":\"EntryPoint\",\"urlTemplate\":\"https:\/\/tandhalsasollentuna.se\/sv\/?s={search_term_string}\"},\"query-input\":{\"@type\":\"PropertyValueSpecification\",\"valueRequired\":true,\"valueName\":\"search_term_string\"}}],\"inLanguage\":\"sv-SE\"},{\"@type\":\"Organization\",\"@id\":\"https:\/\/tandhalsasollentuna.se\/sv\/#organization\",\"name\":\"Tandh\u00e4lsa Sollentuna AB\",\"url\":\"https:\/\/tandhalsasollentuna.se\/sv\/\",\"logo\":{\"@type\":\"ImageObject\",\"inLanguage\":\"sv-SE\",\"@id\":\"https:\/\/tandhalsasollentuna.se\/sv\/#\/schema\/logo\/image\/\",\"url\":\"https:\/\/tandhalsasollentuna.se\/sv\/wp-content\/uploads\/2022\/03\/LogoTooth30.png\",\"contentUrl\":\"https:\/\/tandhalsasollentuna.se\/sv\/wp-content\/uploads\/2022\/03\/LogoTooth30.png\",\"width\":211,\"height\":94,\"caption\":\"Tandh\u00e4lsa Sollentuna AB\"},\"image\":{\"@id\":\"https:\/\/tandhalsasollentuna.se\/sv\/#\/schema\/logo\/image\/\"}}]}<\/script>\n<!-- \/ Yoast SEO plugin. -->","yoast_head_json":{"title":"V\u00e5ra Behandlingar - Tandh\u00e4lsa Sollentuna AB","description":"R\u00e4tt tandv\u00e5rd behandling till r\u00e4tt pris. Specialist tandl\u00e4kare f\u00f6r rotfyllning i Kista och Sollentuna omr\u00e5den. Tandl\u00e4karejour erbjuds till alla pasienter.","robots":{"index":"index","follow":"follow","max-snippet":"max-snippet:-1","max-image-preview":"max-image-preview:large","max-video-preview":"max-video-preview:-1"},"canonical":"https:\/\/tandhalsasollentuna.se\/sv\/vara-behandlingar\/","og_locale":"sv_SE","og_type":"article","og_title":"V\u00e5ra Behandlingar - Tandh\u00e4lsa Sollentuna AB","og_description":"R\u00e4tt tandv\u00e5rd behandling till r\u00e4tt pris. Specialist tandl\u00e4kare f\u00f6r rotfyllning i Kista och Sollentuna omr\u00e5den. Tandl\u00e4karejour erbjuds till alla pasienter.","og_url":"https:\/\/tandhalsasollentuna.se\/sv\/vara-behandlingar\/","og_site_name":"Tandh\u00e4lsa Sollentuna AB","article_modified_time":"2022-04-04T16:18:10+00:00","twitter_card":"summary_large_image","twitter_misc":{"Ber\u00e4knad l\u00e4stid":"1 minut"},"schema":{"@context":"https:\/\/schema.org","@graph":[{"@type":"WebPage","@id":"https:\/\/tandhalsasollentuna.se\/sv\/vara-behandlingar\/","url":"https:\/\/tandhalsasollentuna.se\/sv\/vara-behandlingar\/","name":"V\u00e5ra Behandlingar - Tandh\u00e4lsa Sollentuna AB","isPartOf":{"@id":"https:\/\/tandhalsasollentuna.se\/sv\/#website"},"datePublished":"2022-02-20T21:11:07+00:00","dateModified":"2022-04-04T16:18:10+00:00","description":"R\u00e4tt tandv\u00e5rd behandling till r\u00e4tt pris. Specialist tandl\u00e4kare f\u00f6r rotfyllning i Kista och Sollentuna omr\u00e5den. Tandl\u00e4karejour erbjuds till alla pasienter.","breadcrumb":{"@id":"https:\/\/tandhalsasollentuna.se\/sv\/vara-behandlingar\/#breadcrumb"},"inLanguage":"sv-SE","potentialAction":[{"@type":"ReadAction","target":["https:\/\/tandhalsasollentuna.se\/sv\/vara-behandlingar\/"]}]},{"@type":"BreadcrumbList","@id":"https:\/\/tandhalsasollentuna.se\/sv\/vara-behandlingar\/#breadcrumb","itemListElement":[{"@type":"ListItem","position":1,"name":"Hem","item":"https:\/\/tandhalsasollentuna.se\/sv\/"},{"@type":"ListItem","position":2,"name":"V\u00e5ra Behandlingar"}]},{"@type":"WebSite","@id":"https:\/\/tandhalsasollentuna.se\/sv\/#website","url":"https:\/\/tandhalsasollentuna.se\/sv\/","name":"Tandh\u00e4lsa Sollentuna AB","description":"Tandv\u00e5rd till r\u00e4tt pris","publisher":{"@id":"https:\/\/tandhalsasollentuna.se\/sv\/#organization"},"potentialAction":[{"@type":"SearchAction","target":{"@type":"EntryPoint","urlTemplate":"https:\/\/tandhalsasollentuna.se\/sv\/?s={search_term_string}"},"query-input":{"@type":"PropertyValueSpecification","valueRequired":true,"valueName":"search_term_string"}}],"inLanguage":"sv-SE"},{"@type":"Organization","@id":"https:\/\/tandhalsasollentuna.se\/sv\/#organization","name":"Tandh\u00e4lsa Sollentuna AB","url":"https:\/\/tandhalsasollentuna.se\/sv\/","logo":{"@type":"ImageObject","inLanguage":"sv-SE","@id":"https:\/\/tandhalsasollentuna.se\/sv\/#\/schema\/logo\/image\/","url":"https:\/\/tandhalsasollentuna.se\/sv\/wp-content\/uploads\/2022\/03\/LogoTooth30.png","contentUrl":"https:\/\/tandhalsasollentuna.se\/sv\/wp-content\/uploads\/2022\/03\/LogoTooth30.png","width":211,"height":94,"caption":"Tandh\u00e4lsa Sollentuna AB"},"image":{"@id":"https:\/\/tandhalsasollentuna.se\/sv\/#\/schema\/logo\/image\/"}}]}},"jetpack_sharing_enabled":true,"_links":{"self":[{"href":"https:\/\/tandhalsasollentuna.se\/sv\/wp-json\/wp\/v2\/pages\/62","targetHints":{"allow":["GET"]}}],"collection":[{"href":"https:\/\/tandhalsasollentuna.se\/sv\/wp-json\/wp\/v2\/pages"}],"about":[{"href":"https:\/\/tandhalsasollentuna.se\/sv\/wp-json\/wp\/v2\/types\/page"}],"author":[{"embeddable":true,"href":"https:\/\/tandhalsasollentuna.se\/sv\/wp-json\/wp\/v2\/users\/1"}],"replies":[{"embeddable":true,"href":"https:\/\/tandhalsasollentuna.se\/sv\/wp-json\/wp\/v2\/comments?post=62"}],"version-history":[{"count":4,"href":"https:\/\/tandhalsasollentuna.se\/sv\/wp-json\/wp\/v2\/pages\/62\/revisions"}],"predecessor-version":[{"id":95,"href":"https:\/\/tandhalsasollentuna.se\/sv\/wp-json\/wp\/v2\/pages\/62\/revisions\/95"}],"wp:attachment":[{"href":"https:\/\/tandhalsasollentuna.se\/sv\/wp-json\/wp\/v2\/media?parent=62"}],"curies":[{"name":"wp","href":"https:\/\/api.w.org\/{rel}","templated":true}]}}